{"id":14,"date":"2026-02-09T16:30:54","date_gmt":"2026-02-09T16:30:54","guid":{"rendered":"https:\/\/vending42.fr\/?page_id=14"},"modified":"2026-02-10T12:12:55","modified_gmt":"2026-02-10T12:12:55","slug":"notre-prestation","status":"publish","type":"page","link":"https:\/\/vending42.fr\/index.php\/notre-prestation\/","title":{"rendered":"Nos Prestations"},"content":{"rendered":"\n<p><\/p>\n\n\n\n<hr class=\"wp-block-separator has-alpha-channel-opacity\"\/>\n\n\n\n<h3 class=\"wp-block-heading\"><strong>1. Mise \u00e0 disposition de distributeurs automatiques<\/strong><\/h3>\n\n\n\n<p>St\u00e9 Vending 42 propose une large gamme de distributeurs automatiques adapt\u00e9s \u00e0 tous les besoins :<\/p>\n\n\n\n<ul class=\"wp-block-list\">\n<li><strong>Distributeurs de boissons chaudes<\/strong> (caf\u00e9, th\u00e9, chocolat, cappuccino, etc.)<\/li>\n\n\n\n<li><strong>Distributeurs de boissons froides<\/strong> (eaux, sodas, jus, boissons \u00e9nergisantes)<\/li>\n\n\n\n<li><strong>Distributeurs de snacks et confiseries<\/strong> (biscuits, barres chocolat\u00e9es, chips, bonbons, etc.)<\/li>\n\n\n\n<li><strong>Distributeurs combin\u00e9s<\/strong> (boissons + snacks)<\/li>\n<\/ul>\n\n\n\n<p>Les machines sont s\u00e9lectionn\u00e9es pour leur fiabilit\u00e9, leur design moderne et leur facilit\u00e9 d\u2019utilisation, avec des options de paiement vari\u00e9es (monnaie, carte bancaire, sans contact, application mobile).<\/p>\n\n\n\n<hr class=\"wp-block-separator has-alpha-channel-opacity\"\/>\n\n\n\n<h3 class=\"wp-block-heading\"><strong>2. Installation et mise en service<\/strong><\/h3>\n\n\n\n<ul class=\"wp-block-list\">\n<li><strong>\u00c9tude des besoins<\/strong> : Analyse des lieux, du trafic, des attentes des utilisateurs et des contraintes techniques (\u00e9lectricit\u00e9, espace, etc.).<\/li>\n\n\n\n<li><strong>Conseil personnalis\u00e9<\/strong> : Proposition de machines adapt\u00e9es \u00e0 l\u2019environnement (bureaux, \u00e9coles, h\u00f4pitaux, gares, etc.).<\/li>\n\n\n\n<li><strong>Installation cl\u00e9 en main<\/strong> : Livraison, installation, mise en route et formation des utilisateurs ou du personnel d\u00e9sign\u00e9.<\/li>\n\n\n\n<li><strong>Respect des normes<\/strong> : Conformit\u00e9 aux r\u00e9glementations en vigueur (s\u00e9curit\u00e9, hygi\u00e8ne, accessibilit\u00e9).<\/li>\n<\/ul>\n\n\n\n<hr class=\"wp-block-separator has-alpha-channel-opacity\"\/>\n\n\n\n<h3 class=\"wp-block-heading\"><strong>3. Approvisionnement et gestion des stocks<\/strong><\/h3>\n\n\n\n<ul class=\"wp-block-list\">\n<li><strong>Gamme de produits vari\u00e9e et personnalisable<\/strong> : S\u00e9lection de produits de qualit\u00e9, adapt\u00e9s aux go\u00fbts et aux besoins sp\u00e9cifiques des utilisateurs.<\/li>\n\n\n\n<li><strong>Approvisionnement r\u00e9gulier<\/strong> : R\u00e9approvisionnement automatique ou sur demande, avec suivi des stocks pour \u00e9viter les ruptures.<\/li>\n\n\n\n<li><strong>Gestion des dates de p\u00e9remption<\/strong> : Contr\u00f4le strict pour garantir la fra\u00eecheur et la qualit\u00e9 des produits.<\/li>\n<\/ul>\n\n\n\n<hr class=\"wp-block-separator has-alpha-channel-opacity\"\/>\n\n\n\n<h3 class=\"wp-block-heading\"><strong>4. Entretien et maintenance<\/strong><\/h3>\n\n\n\n<ul class=\"wp-block-list\">\n<li><strong>Maintenance pr\u00e9ventive<\/strong> : Visites r\u00e9guli\u00e8res pour nettoyer, v\u00e9rifier le bon fonctionnement et anticiper les pannes.<\/li>\n\n\n\n<li><strong>Maintenance curative<\/strong> : Intervention rapide en cas de panne ou de dysfonctionnement, avec un service de d\u00e9pannage 24\/7 si n\u00e9cessaire.<\/li>\n\n\n\n<li><strong>Nettoyage et hygi\u00e8ne<\/strong> : Respect des normes d\u2019hygi\u00e8ne strictes, d\u00e9sinfection r\u00e9guli\u00e8re des machines et des points de contact.<\/li>\n\n\n\n<li><strong>Mise \u00e0 jour technologique<\/strong> : Modernisation des machines (logiciels, syst\u00e8mes de paiement, \u00e9crans tactiles, etc.).<\/li>\n<\/ul>\n\n\n\n<hr class=\"wp-block-separator has-alpha-channel-opacity\"\/>\n\n\n\n<h3 class=\"wp-block-heading\"><strong>5. Services suppl\u00e9mentaires<\/strong><\/h3>\n\n\n\n<ul class=\"wp-block-list\">\n<li><strong>Suivi et reporting<\/strong> : Acc\u00e8s \u00e0 des outils de suivi des ventes, de la consommation et des pr\u00e9f\u00e9rences des utilisateurs pour optimiser l\u2019offre.<\/li>\n\n\n\n<li><strong>Communication et marketing<\/strong> : Support pour la promotion des distributeurs (affiches, stickers, animations).<\/li>\n\n\n\n<li><strong>Flexibilit\u00e9 contractuelle<\/strong> : Formules adapt\u00e9es (location, achat, partenariat), avec des contrats modulables selon la dur\u00e9e et les besoins.<\/li>\n<\/ul>\n\n\n\n<hr class=\"wp-block-separator has-alpha-channel-opacity\"\/>\n\n\n\n<h3 class=\"wp-block-heading\"><strong>6. Personnalisation et innovation<\/strong><\/h3>\n\n\n\n<ul class=\"wp-block-list\">\n<li><strong>Produits sur mesure<\/strong> : Cr\u00e9ation de gammes sp\u00e9cifiques (caf\u00e9s aromatis\u00e9s, snacks maison, etc.).<\/li>\n\n\n\n<li><strong>Technologie connect\u00e9e<\/strong> : Distributeurs intelligents avec \u00e9crans interactifs, paiement mobile, programmes de fid\u00e9lit\u00e9.<\/li>\n\n\n\n<li><strong>Adaptation aux tendances<\/strong> : Int\u00e9gration des derni\u00e8res innovations (produits healthy, options sans sucre, etc.).<\/li>\n<\/ul>\n\n\n\n<hr class=\"wp-block-separator has-alpha-channel-opacity\"\/>\n\n\n\n<figure class=\"wp-block-image size-large\"><img loading=\"lazy\" decoding=\"async\" width=\"290\" height=\"300\" src=\"https:\/\/vending42.fr\/wp-content\/uploads\/2026\/02\/img_4055-290x300.jpg\" alt=\"\" class=\"wp-image-12\" srcset=\"https:\/\/vending42.fr\/wp-content\/uploads\/2026\/02\/img_4055-290x300.jpg 290w, https:\/\/vending42.fr\/wp-content\/uploads\/2026\/02\/img_4055.jpg 320w\" sizes=\"auto, (max-width: 290px) 100vw, 290px\" \/><\/figure>\n\n\n\n<hr class=\"wp-block-separator has-alpha-channel-opacity\"\/>\n\n\n\n<p><\/p>\n","protected":false},"excerpt":{"rendered":"<p>St\u00e9 Vending 42 met \u00e0 disposition des distributeurs automatiques de caf\u00e9, boissons, snacks et confiseries pour les locaux d\u2019entreprises et institutions. Notre r\u00e9activit\u00e9 et comp\u00e9titivit\u00e9 font de nous des prestataires de choix pour vos solutions vending.<\/p>\n","protected":false},"author":1,"featured_media":13,"parent":0,"menu_order":2,"comment_status":"closed","ping_status":"closed","template":"","meta":{"footnotes":""},"class_list":["post-14","page","type-page","status-publish","has-post-thumbnail","hentry"],"_links":{"self":[{"href":"https:\/\/vending42.fr\/index.php\/wp-json\/wp\/v2\/pages\/14","targetHints":{"allow":["GET"]}}],"collection":[{"href":"https:\/\/vending42.fr\/index.php\/wp-json\/wp\/v2\/pages"}],"about":[{"href":"https:\/\/vending42.fr\/index.php\/wp-json\/wp\/v2\/types\/page"}],"author":[{"embeddable":true,"href":"https:\/\/vending42.fr\/index.php\/wp-json\/wp\/v2\/users\/1"}],"replies":[{"embeddable":true,"href":"https:\/\/vending42.fr\/index.php\/wp-json\/wp\/v2\/comments?post=14"}],"version-history":[{"count":2,"href":"https:\/\/vending42.fr\/index.php\/wp-json\/wp\/v2\/pages\/14\/revisions"}],"predecessor-version":[{"id":17,"href":"https:\/\/vending42.fr\/index.php\/wp-json\/wp\/v2\/pages\/14\/revisions\/17"}],"wp:featuredmedia":[{"embeddable":true,"href":"https:\/\/vending42.fr\/index.php\/wp-json\/wp\/v2\/media\/13"}],"wp:attachment":[{"href":"https:\/\/vending42.fr\/index.php\/wp-json\/wp\/v2\/media?parent=14"}],"curies":[{"name":"wp","href":"https:\/\/api.w.org\/{rel}","templated":true}]}}